{"id":1912,"date":"2021-09-28T17:48:17","date_gmt":"2021-09-28T17:48:17","guid":{"rendered":"http:\/\/www.luxurydreamsbarcelona.com\/blog\/personalizar-cookies\/"},"modified":"2023-04-27T09:50:56","modified_gmt":"2023-04-27T09:50:56","slug":"personalizar-cookies","status":"publish","type":"page","link":"https:\/\/www.luxurydreamsbarcelona.com\/blog\/personalizar-cookies\/","title":{"rendered":"Personalizar Cookies"},"content":{"rendered":"\n<div>\n      <div id=\"custom-cookies-eu-label\">\n          El sitio Web http:\/\/www.luxurydreamsbarcelona.com\/blog utiliza cookies propias  para su correcto funcionamiento. Al hacer clic en el bot\u00f3n Aceptar, acepta el uso de estas tecnolog\u00edas y el procesamiento de sus datos para estos prop\u00f3sitos.          \n\n      <\/div>\n\n      <div id=\"custom-cookies-eu-buttons\" class=\"cookies-eu-buttons\">\n        <button id=\"custom-cookies-eu-reject\" class=\"cookies-eu-reject\">Rechazar<\/button>\n        <button id=\"custom-cookies-eu-accept\" class=\"cookies-eu-accept\">ACEPTAR TODAS LAS COOKIES<\/button><\/div>\n      <\/div>\n\n<br\/>\n<p>\n\tPuedes cambiar tus preferencias de cookies en cualquier momento si vuelves a la p\u00e1gina de Personalizar cookies, a la que puedes acceder a trav\u00e9s del Aviso de cookies. Para obtener m\u00e1s informaci\u00f3n sobre las cookies y c\u00f3mo las usamos, consulta la p\u00e1gina de <a href=\"https:\/\/www.luxurydreamsbarcelona.com\/blog\/politica-de-cookies\/\">Pol\u00edtica de Cookies<\/a>.\n<\/p>\n\n<h3>Cookies t\u00e9cnicas<\/h3>\n<p>\n\tSon aquellas que permiten a los usuarios registrados navegar a trav\u00e9s del sitio Web, del \u00e1rea restringida y a utilizar sus diferentes funciones, como por ejemplo, el sistema de comentarios o el buscador y no pueden ser desactivadas.\n<\/p>\n\n\n\n","protected":false},"excerpt":{"rendered":"<p>El sitio Web http:\/\/www.luxurydreamsbarcelona.com\/blog utiliza cookies propias para su correcto funcionamiento. Al hacer clic en el bot\u00f3n Aceptar, acepta el uso de estas tecnolog\u00edas y el procesamiento de sus datos para estos prop\u00f3sitos. Rechazar ACEPTAR TODAS LAS COOKIES Puedes cambiar tus preferencias de cookies en cualquier momento si vuelves a la p\u00e1gina de Personalizar cookies, &hellip; <\/p>\n<p class=\"link-more\"><a href=\"https:\/\/www.luxurydreamsbarcelona.com\/blog\/personalizar-cookies\/\" class=\"more-link\">Continuar leyendo<span class=\"screen-reader-text\"> &#8220;Personalizar Cookies&#8221;<\/span><\/a><\/p>\n","protected":false},"author":3,"featured_media":0,"parent":0,"menu_order":0,"comment_status":"closed","ping_status":"closed","template":"","meta":{"om_disable_all_campaigns":false,"_monsterinsights_skip_tracking":false,"_monsterinsights_sitenote_active":false,"_monsterinsights_sitenote_note":"","_monsterinsights_sitenote_category":0,"footnotes":""},"potencia":[],"fecha":[],"class_list":["post-1912","page","type-page","status-publish","hentry"],"yoast_head":"<!-- This site is optimized with the Yoast SEO plugin v22.0 - https:\/\/yoast.com\/wordpress\/plugins\/seo\/ -->\n<title>Personalizar Cookies | Luxury Dreams Barcelona<\/title>\n<meta name=\"robots\" content=\"noindex, nofollow\" \/>\n<meta property=\"og:locale\" content=\"es_ES\" \/>\n<meta property=\"og:type\" content=\"article\" \/>\n<meta property=\"og:title\" content=\"Personalizar Cookies | Luxury Dreams Barcelona\" \/>\n<meta property=\"og:description\" content=\"El sitio Web http:\/\/www.luxurydreamsbarcelona.com\/blog utiliza cookies propias para su correcto funcionamiento. Al hacer clic en el bot\u00f3n Aceptar, acepta el uso de estas tecnolog\u00edas y el procesamiento de sus datos para estos prop\u00f3sitos. Rechazar ACEPTAR TODAS LAS COOKIES Puedes cambiar tus preferencias de cookies en cualquier momento si vuelves a la p\u00e1gina de Personalizar cookies, &hellip; Continuar leyendo &quot;Personalizar Cookies&quot;\" \/>\n<meta property=\"og:url\" content=\"https:\/\/www.luxurydreamsbarcelona.com\/blog\/personalizar-cookies\/\" \/>\n<meta property=\"og:site_name\" content=\"Luxury Dreams Barcelona\" \/>\n<meta property=\"article:modified_time\" content=\"2023-04-27T09:50:56+00:00\" \/>\n<meta property=\"og:image\" content=\"https:\/\/www.luxurydreamsbarcelona.com\/blog\/wp-content\/uploads\/2021\/02\/cropped-logo-1.png\" \/>\n\t<meta property=\"og:image:width\" content=\"250\" \/>\n\t<meta property=\"og:image:height\" content=\"250\" \/>\n\t<meta property=\"og:image:type\" content=\"image\/png\" \/>\n<meta name=\"twitter:card\" content=\"summary_large_image\" \/>\n<script type=\"application\/ld+json\" class=\"yoast-schema-graph\">{\"@context\":\"https:\/\/schema.org\",\"@graph\":[{\"@type\":\"WebPage\",\"@id\":\"https:\/\/www.luxurydreamsbarcelona.com\/blog\/personalizar-cookies\/\",\"url\":\"https:\/\/www.luxurydreamsbarcelona.com\/blog\/personalizar-cookies\/\",\"name\":\"Personalizar Cookies | Luxury Dreams Barcelona\",\"isPartOf\":{\"@id\":\"https:\/\/www.luxurydreamsbarcelona.com\/blog\/#website\"},\"datePublished\":\"2021-09-28T17:48:17+00:00\",\"dateModified\":\"2023-04-27T09:50:56+00:00\",\"breadcrumb\":{\"@id\":\"https:\/\/www.luxurydreamsbarcelona.com\/blog\/personalizar-cookies\/#breadcrumb\"},\"inLanguage\":\"es\",\"potentialAction\":[{\"@type\":\"ReadAction\",\"target\":[\"https:\/\/www.luxurydreamsbarcelona.com\/blog\/personalizar-cookies\/\"]}]},{\"@type\":\"BreadcrumbList\",\"@id\":\"https:\/\/www.luxurydreamsbarcelona.com\/blog\/personalizar-cookies\/#breadcrumb\",\"itemListElement\":[{\"@type\":\"ListItem\",\"position\":1,\"name\":\"Portada\",\"item\":\"https:\/\/www.luxurydreamsbarcelona.com\/blog\/\"},{\"@type\":\"ListItem\",\"position\":2,\"name\":\"Personalizar Cookies\"}]},{\"@type\":\"WebSite\",\"@id\":\"https:\/\/www.luxurydreamsbarcelona.com\/blog\/#website\",\"url\":\"https:\/\/www.luxurydreamsbarcelona.com\/blog\/\",\"name\":\"Luxury Dreams Barcelona\",\"description\":\"Alquiler de localizaciones tur&iacute;sticas y para Eventos\",\"publisher\":{\"@id\":\"https:\/\/www.luxurydreamsbarcelona.com\/blog\/#organization\"},\"potentialAction\":[{\"@type\":\"SearchAction\",\"target\":{\"@type\":\"EntryPoint\",\"urlTemplate\":\"https:\/\/www.luxurydreamsbarcelona.com\/blog\/?s={search_term_string}\"},\"query-input\":\"required name=search_term_string\"}],\"inLanguage\":\"es\"},{\"@type\":\"Organization\",\"@id\":\"https:\/\/www.luxurydreamsbarcelona.com\/blog\/#organization\",\"name\":\"Luxury Dreams Barcelona\",\"url\":\"https:\/\/www.luxurydreamsbarcelona.com\/blog\/\",\"logo\":{\"@type\":\"ImageObject\",\"inLanguage\":\"es\",\"@id\":\"https:\/\/www.luxurydreamsbarcelona.com\/blog\/#\/schema\/logo\/image\/\",\"url\":\"http:\/\/www.luxurydreamsbarcelona.com\/blog\/wp-content\/uploads\/2021\/02\/cropped-logo-1.png\",\"contentUrl\":\"http:\/\/www.luxurydreamsbarcelona.com\/blog\/wp-content\/uploads\/2021\/02\/cropped-logo-1.png\",\"width\":250,\"height\":250,\"caption\":\"Luxury Dreams Barcelona\"},\"image\":{\"@id\":\"https:\/\/www.luxurydreamsbarcelona.com\/blog\/#\/schema\/logo\/image\/\"},\"sameAs\":[\"https:\/\/www.instagram.com\/luxury_dreams_barcelona\/\",\"https:\/\/www.youtube.com\/@luxurydreamstv9537\"]}]}<\/script>\n<!-- \/ Yoast SEO plugin. -->","yoast_head_json":{"title":"Personalizar Cookies | Luxury Dreams Barcelona","robots":{"index":"noindex","follow":"nofollow"},"og_locale":"es_ES","og_type":"article","og_title":"Personalizar Cookies | Luxury Dreams Barcelona","og_description":"El sitio Web http:\/\/www.luxurydreamsbarcelona.com\/blog utiliza cookies propias para su correcto funcionamiento. Al hacer clic en el bot\u00f3n Aceptar, acepta el uso de estas tecnolog\u00edas y el procesamiento de sus datos para estos prop\u00f3sitos. Rechazar ACEPTAR TODAS LAS COOKIES Puedes cambiar tus preferencias de cookies en cualquier momento si vuelves a la p\u00e1gina de Personalizar cookies, &hellip; Continuar leyendo \"Personalizar Cookies\"","og_url":"https:\/\/www.luxurydreamsbarcelona.com\/blog\/personalizar-cookies\/","og_site_name":"Luxury Dreams Barcelona","article_modified_time":"2023-04-27T09:50:56+00:00","og_image":[{"width":250,"height":250,"url":"https:\/\/www.luxurydreamsbarcelona.com\/blog\/wp-content\/uploads\/2021\/02\/cropped-logo-1.png","type":"image\/png"}],"twitter_card":"summary_large_image","schema":{"@context":"https:\/\/schema.org","@graph":[{"@type":"WebPage","@id":"https:\/\/www.luxurydreamsbarcelona.com\/blog\/personalizar-cookies\/","url":"https:\/\/www.luxurydreamsbarcelona.com\/blog\/personalizar-cookies\/","name":"Personalizar Cookies | Luxury Dreams Barcelona","isPartOf":{"@id":"https:\/\/www.luxurydreamsbarcelona.com\/blog\/#website"},"datePublished":"2021-09-28T17:48:17+00:00","dateModified":"2023-04-27T09:50:56+00:00","breadcrumb":{"@id":"https:\/\/www.luxurydreamsbarcelona.com\/blog\/personalizar-cookies\/#breadcrumb"},"inLanguage":"es","potentialAction":[{"@type":"ReadAction","target":["https:\/\/www.luxurydreamsbarcelona.com\/blog\/personalizar-cookies\/"]}]},{"@type":"BreadcrumbList","@id":"https:\/\/www.luxurydreamsbarcelona.com\/blog\/personalizar-cookies\/#breadcrumb","itemListElement":[{"@type":"ListItem","position":1,"name":"Portada","item":"https:\/\/www.luxurydreamsbarcelona.com\/blog\/"},{"@type":"ListItem","position":2,"name":"Personalizar Cookies"}]},{"@type":"WebSite","@id":"https:\/\/www.luxurydreamsbarcelona.com\/blog\/#website","url":"https:\/\/www.luxurydreamsbarcelona.com\/blog\/","name":"Luxury Dreams Barcelona","description":"Alquiler de localizaciones tur&iacute;sticas y para Eventos","publisher":{"@id":"https:\/\/www.luxurydreamsbarcelona.com\/blog\/#organization"},"potentialAction":[{"@type":"SearchAction","target":{"@type":"EntryPoint","urlTemplate":"https:\/\/www.luxurydreamsbarcelona.com\/blog\/?s={search_term_string}"},"query-input":"required name=search_term_string"}],"inLanguage":"es"},{"@type":"Organization","@id":"https:\/\/www.luxurydreamsbarcelona.com\/blog\/#organization","name":"Luxury Dreams Barcelona","url":"https:\/\/www.luxurydreamsbarcelona.com\/blog\/","logo":{"@type":"ImageObject","inLanguage":"es","@id":"https:\/\/www.luxurydreamsbarcelona.com\/blog\/#\/schema\/logo\/image\/","url":"http:\/\/www.luxurydreamsbarcelona.com\/blog\/wp-content\/uploads\/2021\/02\/cropped-logo-1.png","contentUrl":"http:\/\/www.luxurydreamsbarcelona.com\/blog\/wp-content\/uploads\/2021\/02\/cropped-logo-1.png","width":250,"height":250,"caption":"Luxury Dreams Barcelona"},"image":{"@id":"https:\/\/www.luxurydreamsbarcelona.com\/blog\/#\/schema\/logo\/image\/"},"sameAs":["https:\/\/www.instagram.com\/luxury_dreams_barcelona\/","https:\/\/www.youtube.com\/@luxurydreamstv9537"]}]}},"_links":{"self":[{"href":"https:\/\/www.luxurydreamsbarcelona.com\/blog\/wp-json\/wp\/v2\/pages\/1912","targetHints":{"allow":["GET"]}}],"collection":[{"href":"https:\/\/www.luxurydreamsbarcelona.com\/blog\/wp-json\/wp\/v2\/pages"}],"about":[{"href":"https:\/\/www.luxurydreamsbarcelona.com\/blog\/wp-json\/wp\/v2\/types\/page"}],"author":[{"embeddable":true,"href":"https:\/\/www.luxurydreamsbarcelona.com\/blog\/wp-json\/wp\/v2\/users\/3"}],"replies":[{"embeddable":true,"href":"https:\/\/www.luxurydreamsbarcelona.com\/blog\/wp-json\/wp\/v2\/comments?post=1912"}],"version-history":[{"count":1,"href":"https:\/\/www.luxurydreamsbarcelona.com\/blog\/wp-json\/wp\/v2\/pages\/1912\/revisions"}],"predecessor-version":[{"id":10186,"href":"https:\/\/www.luxurydreamsbarcelona.com\/blog\/wp-json\/wp\/v2\/pages\/1912\/revisions\/10186"}],"wp:attachment":[{"href":"https:\/\/www.luxurydreamsbarcelona.com\/blog\/wp-json\/wp\/v2\/media?parent=1912"}],"wp:term":[{"taxonomy":"potencia","embeddable":true,"href":"https:\/\/www.luxurydreamsbarcelona.com\/blog\/wp-json\/wp\/v2\/potencia?post=1912"},{"taxonomy":"fecha","embeddable":true,"href":"https:\/\/www.luxurydreamsbarcelona.com\/blog\/wp-json\/wp\/v2\/fecha?post=1912"}],"curies":[{"name":"wp","href":"https:\/\/api.w.org\/{rel}","templated":true}]}}